{"id":19,"date":"2022-08-31T12:44:24","date_gmt":"2022-08-31T12:44:24","guid":{"rendered":"https:\/\/velvetcom.net\/?page_id=19"},"modified":"2022-08-31T16:37:24","modified_gmt":"2022-08-31T16:37:24","slug":"beautiful-portfolios-for-exceptional-creatives","status":"publish","type":"page","link":"https:\/\/velvetcom.net\/","title":{"rendered":"Mai mult dec\u00e2t o simpl\u0103 v\u00e2nzare"},"content":{"rendered":"\n<p class=\"has-text-align-center\">Firma noastr\u0103 are ca obiectiv principal implementarea cu succes a sistemelor informatice potrivite pentru fiecare client \u00een parte. Dac\u0103 dore\u0219ti o ofert\u0103 detaliat\u0103, te rug\u0103m s\u0103 ne contactezi la office@velvetcom.ro sau sa programezi o \u00eent\u00e2lnire la sediul nostru. <\/p>\n\n\n\n<div style=\"height:55px\" aria-hidden=\"true\" class=\"wp-block-spacer\"><\/div>\n\n\n\n<div class=\"wp-block-group alignfull has-background is-layout-flow wp-block-group-is-layout-flow\" style=\"background-color:#e5e9ec\">\n<div class=\"wp-block-columns is-layout-flex wp-container-core-columns-is-layout-28f84493 wp-block-columns-is-layout-flex\">\n<div class=\"wp-block-column is-vertically-aligned-center is-layout-flow wp-block-column-is-layout-flow\">\n<h2 class=\"wp-block-heading\">Produsele noastre<\/h2>\n\n\n\n<p>Pute\u021bi cump\u0103ra de la noi:<\/p>\n\n\n\n<ul class=\"wp-block-list\"><li>Echipamente fiscale (case de marcat, imprimante fiscale)<\/li><li>C\u00e2ntare Electronice \u0219i Sertare de bani<\/li><li>Sisteme integrate de v\u00e2nzare \u0219i gestiune (Point of Sale All-in-One \/ Echipamente Front-Office \u0219i Back-Office)<\/li><li>Semn\u0103turi Electronice<\/li><\/ul>\n\n\n\n<p><\/p>\n\n\n\n<div class=\"wp-block-buttons is-horizontal is-content-justification-left is-layout-flex wp-container-core-buttons-is-layout-20be11b6 wp-block-buttons-is-layout-flex\">\n<div class=\"wp-block-button is-style-outline is-style-outline--1\"><a class=\"wp-block-button__link\" href=\"#\">About Us<\/a><\/div>\n<\/div>\n\n\n\n<p><\/p>\n<\/div>\n\n\n\n<div class=\"wp-block-column is-layout-flow wp-block-column-is-layout-flow\">\n<div style=\"height:48px\" aria-hidden=\"true\" class=\"wp-block-spacer\"><\/div>\n\n\n\n<figure class=\"wp-block-image size-large\"><img fetchpriority=\"high\" decoding=\"async\" width=\"1024\" height=\"683\" src=\"https:\/\/velvetcom.net\/wp-content\/uploads\/2022\/08\/iStock-471776360-1024x683.jpg\" alt=\"\" class=\"wp-image-49\" srcset=\"https:\/\/velvetcom.net\/wp-content\/uploads\/2022\/08\/iStock-471776360-1024x683.jpg 1024w, https:\/\/velvetcom.net\/wp-content\/uploads\/2022\/08\/iStock-471776360-300x200.jpg 300w, https:\/\/velvetcom.net\/wp-content\/uploads\/2022\/08\/iStock-471776360-768x512.jpg 768w, https:\/\/velvetcom.net\/wp-content\/uploads\/2022\/08\/iStock-471776360-1536x1024.jpg 1536w, https:\/\/velvetcom.net\/wp-content\/uploads\/2022\/08\/iStock-471776360-2048x1365.jpg 2048w, https:\/\/velvetcom.net\/wp-content\/uploads\/2022\/08\/iStock-471776360-2000x1333.jpg 2000w, https:\/\/velvetcom.net\/wp-content\/uploads\/2022\/08\/iStock-471776360-600x400.jpg 600w\" sizes=\"(max-width: 1024px) 100vw, 1024px\" \/><figcaption>Point of Sale System<\/figcaption><\/figure>\n<\/div>\n<\/div>\n<\/div>\n\n\n\n<div class=\"wp-block-group alignfull is-layout-flow wp-block-group-is-layout-flow\">\n<div class=\"wp-block-columns are-vertically-aligned-center is-layout-flex wp-container-core-columns-is-layout-28f84493 wp-block-columns-is-layout-flex\">\n<div class=\"wp-block-column is-vertically-aligned-center is-layout-flow wp-block-column-is-layout-flow\">\n<div style=\"height:48px\" aria-hidden=\"true\" class=\"wp-block-spacer\"><\/div>\n\n\n\n<figure class=\"wp-block-image size-large\"><img decoding=\"async\" width=\"1024\" height=\"683\" src=\"https:\/\/velvetcom.net\/wp-content\/uploads\/2022\/08\/iStock-1249219777-1-1024x683.jpg\" alt=\"\" class=\"wp-image-50\" srcset=\"https:\/\/velvetcom.net\/wp-content\/uploads\/2022\/08\/iStock-1249219777-1-1024x683.jpg 1024w, https:\/\/velvetcom.net\/wp-content\/uploads\/2022\/08\/iStock-1249219777-1-300x200.jpg 300w, https:\/\/velvetcom.net\/wp-content\/uploads\/2022\/08\/iStock-1249219777-1-768x512.jpg 768w, https:\/\/velvetcom.net\/wp-content\/uploads\/2022\/08\/iStock-1249219777-1-1536x1024.jpg 1536w, https:\/\/velvetcom.net\/wp-content\/uploads\/2022\/08\/iStock-1249219777-1-2048x1365.jpg 2048w, https:\/\/velvetcom.net\/wp-content\/uploads\/2022\/08\/iStock-1249219777-1-2000x1333.jpg 2000w, https:\/\/velvetcom.net\/wp-content\/uploads\/2022\/08\/iStock-1249219777-1-600x400.jpg 600w\" sizes=\"(max-width: 1024px) 100vw, 1024px\" \/><figcaption>Asisten\u021b\u0103 Helpdesk<\/figcaption><\/figure>\n<\/div>\n\n\n\n<div class=\"wp-block-column is-vertically-aligned-center is-layout-flow wp-block-column-is-layout-flow\">\n<h2 class=\"wp-block-heading\">Serviciile noastre<\/h2>\n\n\n\n<p>V\u0103 putem oferi urm\u0103atoarele servicii:<\/p>\n\n\n\n<ul class=\"wp-block-list\"><li>Asisten\u021b\u0103 \u00een alegerea sistemului potrivit conform nevoilor afacerii.<\/li><li>Suport Telefonic in baza unui contract de tip HelpDesk. <\/li><li>Interven\u021bii \u0219i Deplas\u0103ri conform contractului.<\/li><li>Mentenan\u021b\u0103 \u0219i Service echipamente fiscale in baza unui contract de service care este obligatoriu conform art.102 alineat 8 si 9 din HG479\/2003 completata cu HG804\/2017.<\/li><\/ul>\n\n\n\n<div class=\"wp-block-buttons is-layout-flex wp-block-buttons-is-layout-flex\">\n<div class=\"wp-block-button is-style-outline is-style-outline--2\"><a class=\"wp-block-button__link\" href=\"#\">Services<\/a><\/div>\n<\/div>\n<\/div>\n<\/div>\n<\/div>\n\n\n\n<div class=\"wp-block-group alignfull has-black-background-color has-background is-layout-flow wp-block-group-is-layout-flow\">\n<h2 class=\"has-text-align-center has-white-color has-text-color wp-block-heading\"><strong>Gallery<\/strong><\/h2>\n\n\n\n<figure class=\"wp-block-gallery aligncenter has-nested-images columns-default is-cropped wp-block-gallery-3 is-layout-flex wp-block-gallery-is-layout-flex\">\n<figure class=\"wp-block-image size-large\"><img decoding=\"async\" width=\"1024\" height=\"681\" data-id=\"51\" src=\"https:\/\/velvetcom.net\/wp-content\/uploads\/2022\/08\/iStock-1347714434-1024x681.jpg\" alt=\"\" class=\"wp-image-51\" srcset=\"https:\/\/velvetcom.net\/wp-content\/uploads\/2022\/08\/iStock-1347714434-1024x681.jpg 1024w, https:\/\/velvetcom.net\/wp-content\/uploads\/2022\/08\/iStock-1347714434-300x200.jpg 300w, https:\/\/velvetcom.net\/wp-content\/uploads\/2022\/08\/iStock-1347714434-768x511.jpg 768w, https:\/\/velvetcom.net\/wp-content\/uploads\/2022\/08\/iStock-1347714434-1536x1022.jpg 1536w, https:\/\/velvetcom.net\/wp-content\/uploads\/2022\/08\/iStock-1347714434-2048x1363.jpg 2048w, https:\/\/velvetcom.net\/wp-content\/uploads\/2022\/08\/iStock-1347714434-2000x1331.jpg 2000w, https:\/\/velvetcom.net\/wp-content\/uploads\/2022\/08\/iStock-1347714434-600x399.jpg 600w\" sizes=\"(max-width: 1024px) 100vw, 1024px\" \/><\/figure>\n\n\n\n<figure class=\"wp-block-image size-large\"><img loading=\"lazy\" decoding=\"async\" width=\"1024\" height=\"683\" data-id=\"53\" src=\"https:\/\/velvetcom.net\/wp-content\/uploads\/2022\/08\/iStock-1140336019-1024x683.jpg\" alt=\"\" class=\"wp-image-53\" srcset=\"https:\/\/velvetcom.net\/wp-content\/uploads\/2022\/08\/iStock-1140336019-1024x683.jpg 1024w, https:\/\/velvetcom.net\/wp-content\/uploads\/2022\/08\/iStock-1140336019-300x200.jpg 300w, https:\/\/velvetcom.net\/wp-content\/uploads\/2022\/08\/iStock-1140336019-768x513.jpg 768w, https:\/\/velvetcom.net\/wp-content\/uploads\/2022\/08\/iStock-1140336019-1536x1025.jpg 1536w, https:\/\/velvetcom.net\/wp-content\/uploads\/2022\/08\/iStock-1140336019-2048x1367.jpg 2048w, https:\/\/velvetcom.net\/wp-content\/uploads\/2022\/08\/iStock-1140336019-2000x1335.jpg 2000w, https:\/\/velvetcom.net\/wp-content\/uploads\/2022\/08\/iStock-1140336019-600x400.jpg 600w\" sizes=\"(max-width: 1024px) 100vw, 1024px\" \/><\/figure>\n\n\n\n<figure class=\"wp-block-image size-large\"><img loading=\"lazy\" decoding=\"async\" width=\"1024\" height=\"683\" data-id=\"56\" src=\"https:\/\/velvetcom.net\/wp-content\/uploads\/2022\/08\/iStock-471776360-1-1024x683.jpg\" alt=\"\" class=\"wp-image-56\" srcset=\"https:\/\/velvetcom.net\/wp-content\/uploads\/2022\/08\/iStock-471776360-1-1024x683.jpg 1024w, https:\/\/velvetcom.net\/wp-content\/uploads\/2022\/08\/iStock-471776360-1-300x200.jpg 300w, https:\/\/velvetcom.net\/wp-content\/uploads\/2022\/08\/iStock-471776360-1-768x512.jpg 768w, https:\/\/velvetcom.net\/wp-content\/uploads\/2022\/08\/iStock-471776360-1-1536x1024.jpg 1536w, https:\/\/velvetcom.net\/wp-content\/uploads\/2022\/08\/iStock-471776360-1-2048x1365.jpg 2048w, https:\/\/velvetcom.net\/wp-content\/uploads\/2022\/08\/iStock-471776360-1-2000x1333.jpg 2000w, https:\/\/velvetcom.net\/wp-content\/uploads\/2022\/08\/iStock-471776360-1-600x400.jpg 600w\" sizes=\"(max-width: 1024px) 100vw, 1024px\" \/><\/figure>\n\n\n\n<figure class=\"wp-block-image size-large\"><img loading=\"lazy\" decoding=\"async\" width=\"1024\" height=\"682\" data-id=\"52\" src=\"https:\/\/velvetcom.net\/wp-content\/uploads\/2022\/08\/iStock-1180926063-1024x682.jpg\" alt=\"\" class=\"wp-image-52\" srcset=\"https:\/\/velvetcom.net\/wp-content\/uploads\/2022\/08\/iStock-1180926063-1024x682.jpg 1024w, https:\/\/velvetcom.net\/wp-content\/uploads\/2022\/08\/iStock-1180926063-300x200.jpg 300w, https:\/\/velvetcom.net\/wp-content\/uploads\/2022\/08\/iStock-1180926063-768x512.jpg 768w, https:\/\/velvetcom.net\/wp-content\/uploads\/2022\/08\/iStock-1180926063-1536x1024.jpg 1536w, https:\/\/velvetcom.net\/wp-content\/uploads\/2022\/08\/iStock-1180926063-2048x1365.jpg 2048w, https:\/\/velvetcom.net\/wp-content\/uploads\/2022\/08\/iStock-1180926063-2000x1333.jpg 2000w, https:\/\/velvetcom.net\/wp-content\/uploads\/2022\/08\/iStock-1180926063-600x400.jpg 600w\" sizes=\"(max-width: 1024px) 100vw, 1024px\" \/><\/figure>\n\n\n\n<figure class=\"wp-block-image size-full\"><img loading=\"lazy\" decoding=\"async\" width=\"693\" height=\"924\" data-id=\"55\" src=\"https:\/\/velvetcom.net\/wp-content\/uploads\/2022\/08\/magister-easy-checkout-eco-1.png\" alt=\"\" class=\"wp-image-55\" srcset=\"https:\/\/velvetcom.net\/wp-content\/uploads\/2022\/08\/magister-easy-checkout-eco-1.png 693w, https:\/\/velvetcom.net\/wp-content\/uploads\/2022\/08\/magister-easy-checkout-eco-1-225x300.png 225w, https:\/\/velvetcom.net\/wp-content\/uploads\/2022\/08\/magister-easy-checkout-eco-1-600x800.png 600w\" sizes=\"(max-width: 693px) 100vw, 693px\" \/><\/figure>\n\n\n\n<figure class=\"wp-block-image size-large\"><img loading=\"lazy\" decoding=\"async\" width=\"1024\" height=\"683\" data-id=\"57\" src=\"https:\/\/velvetcom.net\/wp-content\/uploads\/2022\/08\/iStock-1249219777-2-1024x683.jpg\" alt=\"\" class=\"wp-image-57\" srcset=\"https:\/\/velvetcom.net\/wp-content\/uploads\/2022\/08\/iStock-1249219777-2-1024x683.jpg 1024w, https:\/\/velvetcom.net\/wp-content\/uploads\/2022\/08\/iStock-1249219777-2-300x200.jpg 300w, https:\/\/velvetcom.net\/wp-content\/uploads\/2022\/08\/iStock-1249219777-2-768x512.jpg 768w, https:\/\/velvetcom.net\/wp-content\/uploads\/2022\/08\/iStock-1249219777-2-1536x1024.jpg 1536w, https:\/\/velvetcom.net\/wp-content\/uploads\/2022\/08\/iStock-1249219777-2-2048x1365.jpg 2048w, https:\/\/velvetcom.net\/wp-content\/uploads\/2022\/08\/iStock-1249219777-2-2000x1333.jpg 2000w, https:\/\/velvetcom.net\/wp-content\/uploads\/2022\/08\/iStock-1249219777-2-600x400.jpg 600w\" sizes=\"(max-width: 1024px) 100vw, 1024px\" \/><\/figure>\n<\/figure>\n<\/div>\n\n\n\n<div class=\"wp-block-cover alignfull is-light has-parallax is-position-center-center\" style=\"background-image:url(https:\/\/velvetcom.net\/wp-content\/uploads\/2022\/08\/iStock-1206800961-1-scaled.jpg);min-height:375px;aspect-ratio:unset;\"><span aria-hidden=\"true\" class=\"wp-block-cover__background has-black-background-color has-background-dim-40 has-background-dim\"><\/span><div class=\"wp-block-cover__inner-container is-layout-flow wp-block-cover-is-layout-flow\">\n<p class=\"has-text-align-center has-text-color has-huge-font-size\" style=\"color:#fffffa;line-height:1.1\"><strong>Dac\u0103 dore\u0219ti o ofert\u0103 ne po\u021bi contacta<\/strong> pe e-mail sau ne po\u021bi face o vizit\u0103 la sediul nostru<\/p>\n\n\n\n<div style=\"height:39px\" aria-hidden=\"true\" class=\"wp-block-spacer\"><\/div>\n\n\n\n<p class=\"has-text-align-center\" style=\"color: #ffffff;\">Adresa de e-mail pentru solicitare oferte: office@velvetcom.ro<br \/>Adresa de e-mail pentru suport: suport@velvetcom.ro<\/p>\n\n\n\n<div class=\"wp-block-buttons is-horizontal is-content-justification-center is-layout-flex wp-container-core-buttons-is-layout-03627597 wp-block-buttons-is-layout-flex\">\n<div class=\"wp-block-button is-style-outline is-style-outline--4\"><a class=\"wp-block-button__link has-white-color has-text-color\" href=\"#\">Contact us<\/a><\/div>\n<\/div>\n<\/div><\/div>\n","protected":false},"excerpt":{"rendered":"<p>Firma noastr\u0103 are ca obiectiv principal implementarea cu succes a sistemelor informatice potrivite pentru fiecare client \u00een parte. Dac\u0103 dore\u0219ti o ofert\u0103 detaliat\u0103, te rug\u0103m s\u0103 ne contactezi la office@velvetcom.ro sau sa programezi o \u00eent\u00e2lnire la sediul nostru. Produsele noastre Pute\u021bi cump\u0103ra de la noi: Echipamente fiscale (case de marcat, imprimante fiscale) C\u00e2ntare Electronice \u0219i &hellip; <\/p>\n<p class=\"link-more\"><a href=\"https:\/\/velvetcom.net\/\" class=\"more-link\">Read more<span class=\"screen-reader-text\"> &#8220;Mai mult dec\u00e2t o simpl\u0103 v\u00e2nzare&#8221;<\/span><\/a><\/p>\n","protected":false},"author":1,"featured_media":18,"parent":0,"menu_order":0,"comment_status":"closed","ping_status":"closed","template":"","meta":{"inspiro_hide_title":false,"footnotes":""},"class_list":["post-19","page","type-page","status-publish","has-post-thumbnail","hentry"],"featured_media_urls":{"thumbnail":["https:\/\/velvetcom.net\/wp-content\/uploads\/2022\/08\/StockSnap_M6D1GS9PSL-2-150x150.jpg",150,150,true],"medium":["https:\/\/velvetcom.net\/wp-content\/uploads\/2022\/08\/StockSnap_M6D1GS9PSL-2-300x198.jpg",300,198,true],"medium_large":["https:\/\/velvetcom.net\/wp-content\/uploads\/2022\/08\/StockSnap_M6D1GS9PSL-2-768x506.jpg",768,506,true],"large":["https:\/\/velvetcom.net\/wp-content\/uploads\/2022\/08\/StockSnap_M6D1GS9PSL-2-1024x674.jpg",950,625,true],"1536x1536":["https:\/\/velvetcom.net\/wp-content\/uploads\/2022\/08\/StockSnap_M6D1GS9PSL-2-1536x1011.jpg",1536,1011,true],"2048x2048":["https:\/\/velvetcom.net\/wp-content\/uploads\/2022\/08\/StockSnap_M6D1GS9PSL-2.jpg",2000,1317,false],"inspiro-featured-image":["https:\/\/velvetcom.net\/wp-content\/uploads\/2022\/08\/StockSnap_M6D1GS9PSL-2.jpg",2000,1317,false],"inspiro-loop":["https:\/\/velvetcom.net\/wp-content\/uploads\/2022\/08\/StockSnap_M6D1GS9PSL-2-950x320.jpg",950,320,true],"inspiro-loop@2x":["https:\/\/velvetcom.net\/wp-content\/uploads\/2022\/08\/StockSnap_M6D1GS9PSL-2-1900x640.jpg",1900,640,true],"portfolio_item-thumbnail":["https:\/\/velvetcom.net\/wp-content\/uploads\/2022\/08\/StockSnap_M6D1GS9PSL-2-600x400.jpg",600,400,true],"portfolio_item-thumbnail@2x":["https:\/\/velvetcom.net\/wp-content\/uploads\/2022\/08\/StockSnap_M6D1GS9PSL-2-1200x800.jpg",1200,800,true],"portfolio_item-masonry":["https:\/\/velvetcom.net\/wp-content\/uploads\/2022\/08\/StockSnap_M6D1GS9PSL-2-600x395.jpg",600,395,true],"portfolio_item-masonry@2x":["https:\/\/velvetcom.net\/wp-content\/uploads\/2022\/08\/StockSnap_M6D1GS9PSL-2-1200x790.jpg",1200,790,true],"portfolio_item-thumbnail_cinema":["https:\/\/velvetcom.net\/wp-content\/uploads\/2022\/08\/StockSnap_M6D1GS9PSL-2-800x335.jpg",800,335,true],"portfolio_item-thumbnail_portrait":["https:\/\/velvetcom.net\/wp-content\/uploads\/2022\/08\/StockSnap_M6D1GS9PSL-2-600x900.jpg",600,900,true],"portfolio_item-thumbnail_portrait@2x":["https:\/\/velvetcom.net\/wp-content\/uploads\/2022\/08\/StockSnap_M6D1GS9PSL-2-1200x1317.jpg",1200,1317,true],"portfolio_item-thumbnail_square":["https:\/\/velvetcom.net\/wp-content\/uploads\/2022\/08\/StockSnap_M6D1GS9PSL-2-800x800.jpg",800,800,true]},"_links":{"self":[{"href":"https:\/\/velvetcom.net\/index.php\/wp-json\/wp\/v2\/pages\/19","targetHints":{"allow":["GET"]}}],"collection":[{"href":"https:\/\/velvetcom.net\/index.php\/wp-json\/wp\/v2\/pages"}],"about":[{"href":"https:\/\/velvetcom.net\/index.php\/wp-json\/wp\/v2\/types\/page"}],"author":[{"embeddable":true,"href":"https:\/\/velvetcom.net\/index.php\/wp-json\/wp\/v2\/users\/1"}],"replies":[{"embeddable":true,"href":"https:\/\/velvetcom.net\/index.php\/wp-json\/wp\/v2\/comments?post=19"}],"version-history":[{"count":6,"href":"https:\/\/velvetcom.net\/index.php\/wp-json\/wp\/v2\/pages\/19\/revisions"}],"predecessor-version":[{"id":63,"href":"https:\/\/velvetcom.net\/index.php\/wp-json\/wp\/v2\/pages\/19\/revisions\/63"}],"wp:featuredmedia":[{"embeddable":true,"href":"https:\/\/velvetcom.net\/index.php\/wp-json\/wp\/v2\/media\/18"}],"wp:attachment":[{"href":"https:\/\/velvetcom.net\/index.php\/wp-json\/wp\/v2\/media?parent=19"}],"curies":[{"name":"wp","href":"https:\/\/api.w.org\/{rel}","templated":true}]}}